{"id":3,"date":"2024-09-17T19:09:40","date_gmt":"2024-09-17T19:09:40","guid":{"rendered":"http:\/\/www.hostalmalia.com\/?page_id=3"},"modified":"2025-07-28T19:39:53","modified_gmt":"2025-07-28T17:39:53","slug":"aviso-legal","status":"publish","type":"page","link":"https:\/\/www.hostalmalia.com\/index.php\/aviso-legal\/","title":{"rendered":"Aviso Legal"},"content":{"rendered":"<div class=\"fusion-fullwidth fullwidth-box fusion-builder-row-1 fusion-flex-container nonhundred-percent-fullwidth non-hundred-percent-height-scrolling\" style=\"--awb-border-radius-top-left:0px;--awb-border-radius-top-right:0px;--awb-border-radius-bottom-right:0px;--awb-border-radius-bottom-left:0px;--awb-flex-wrap:wrap;\" ><div class=\"fusion-builder-row fusion-row fusion-flex-align-items-flex-start fusion-flex-content-wrap\" style=\"max-width:1248px;margin-left: calc(-4% \/ 2 );margin-right: calc(-4% \/ 2 );\"><div class=\"fusion-layout-column fusion_builder_column fusion-builder-column-0 fusion_builder_column_1_1 1_1 fusion-flex-column\" style=\"--awb-bg-blend:overlay;--awb-bg-size:cover;--awb-width-large:100%;--awb-margin-top-large:0px;--awb-spacing-right-large:1.92%;--awb-margin-bottom-large:0px;--awb-spacing-left-large:1.92%;--awb-width-medium:100%;--awb-spacing-right-medium:1.92%;--awb-spacing-left-medium:1.92%;--awb-width-small:100%;--awb-spacing-right-small:1.92%;--awb-spacing-left-small:1.92%;\"><div class=\"fusion-column-wrapper fusion-flex-justify-content-flex-start fusion-content-layout-column\"><div class=\"fusion-text fusion-text-1\"><\/p>\n<h2 class=\"wp-block-heading fusion-responsive-typography-calculated\" style=\"--fontsize: 33; line-height: 1.3; font-size: 43px;\" align=\"center\" data-fontsize=\"33\" data-lineheight=\"42.9px\" data-fusion-font=\"true\">aviso Legal<\/h2>\n<\/p>\n<p>&nbsp;<\/p>\n<p>En cumplimiento del art\u00edculo 10 de la Ley 34\/2002, de 11 de julio, de Servicios de la Sociedad de la Informaci\u00f3n y Comercio Electr\u00f3nico (LSSICE) a continuaci\u00f3n se detallan los datos identificativos de la entidad:<\/p>\n<p><b style=\"font-size: 23px;\" data-fusion-font=\"true\">Hostal Malia<\/b><\/p>\n<p>Raz\u00f3n social: GASPAR MU\u00d1OZ MALIA<\/p>\n<p>NIF: 48902845S<\/p>\n<p>Direcci\u00f3n: C\/ pascual Junquera 46 &#8211; 11140 &#8211; Conil de la Frontera &#8211; C\u00e1diz<\/p>\n<p>Tel\u00e9fono: 956440925<\/p>\n<p>Email: info@hostalmalia.com<\/p>\n<p>&nbsp;<\/p>\n<p><b style=\"font-size: 23px;\" data-fusion-font=\"true\">FINALIDAD DE LA P\u00c1GINA WEB<\/b><\/p>\n<p>Aqu\u00ed debe describir la finalidad o actividad de la web o de la entidad. Precios de los productos o servicios que se ofrecen a trav\u00e9s de la web, con indicaci\u00f3n de los impuestos y gastos de env\u00edo.<\/p>\n<p>El presente aviso legal (en adelante, el \u00abAviso Legal\u00bb) regula el uso del sitio web: hostalmalia.com<\/p>\n<p>&nbsp;<\/p>\n<p><b style=\"font-size: 23px;\" data-fusion-font=\"true\">LEGISLACI\u00d3N <\/b><\/p>\n<p>Con car\u00e1cter general las relaciones entre GASPAR MU\u00d1OZ MALIA Hostal Malia y los Usuarios de sus servicios telem\u00e1ticos, presentes en este sitio web, se encuentran sometidas a la legislaci\u00f3n y jurisdicci\u00f3n espa\u00f1olas.<\/p>\n<p>&nbsp;<\/p>\n<p><b style=\"font-size: 23px;\" data-fusion-font=\"true\">USO Y ACCESO DE USUARIOS<\/b><\/p>\n<p>El Usuario queda informado, y acepta, que el acceso a la presente web no supone, en modo alguno, el inicio de una relaci\u00f3n comercial con GASPAR MU\u00d1OZ MALIA Hostal Malia o cualquiera de sus delegaciones.<\/p>\n<p>&nbsp;<\/p>\n<p><b style=\"font-size: 23px;\" data-fusion-font=\"true\">PROPIEDAD INTELECTUAL E INDUSTRIAL<\/b><\/p>\n<p>Los derechos de propiedad intelectual del contenido de las p\u00e1ginas web, su dise\u00f1o gr\u00e1fico y c\u00f3digos son titularidad de GASPAR MU\u00d1OZ MALIA Hostal Malia y, por tanto, queda prohibida su reproducci\u00f3n, distribuci\u00f3n, comunicaci\u00f3n p\u00fablica, transformaci\u00f3n o cualquier otra actividad que se pueda realizar con los contenidos de sus p\u00e1ginas web ni aun citando las fuentes, salvo consentimiento por escrito de GASPAR MU\u00d1OZ MALIA Hostal Malia.<\/p>\n<p>&nbsp;<\/p>\n<p><b style=\"font-size: 23px;\" data-fusion-font=\"true\">CONTENIDO DE LA WEB Y ENLACES (LINKS)<\/b><\/p>\n<p>GASPAR MU\u00d1OZ MALIA Bar la grasa se reserva el derecho a actualizar, modificar o eliminar la informaci\u00f3n contenida en sus p\u00e1ginas web pudiendo incluso limitar o no permitir el acceso a dicha informaci\u00f3n a ciertos usuarios.<\/p>\n<p>GASPAR MU\u00d1OZ MALIA Bar la grasa no asume responsabilidad alguna por la informaci\u00f3n contenida en p\u00e1ginas web de terceros a las que se pueda acceder por \u00ablinks\u00bb o enlaces desde cualquier p\u00e1gina web propiedad de GASPAR MU\u00d1OZ MALIA Bar la grasa. La presencia de \u00ablinks\u00bb o enlaces en las p\u00e1ginas web de GASPAR MU\u00d1OZ MALIA Hostal Malia tiene finalidad meramente informativa y en ning\u00fan caso supone sugerencia, invitaci\u00f3n o recomendaci\u00f3n sobre los mismos.<\/p>\n<p>&nbsp;<\/p>\n<\/p>\n<p>&nbsp;<\/p>\n<\/p>\n<p>&nbsp;<\/p>\n<\/div><\/div><\/div><\/div><\/div>","protected":false},"excerpt":{"rendered":"","protected":false},"author":1,"featured_media":0,"parent":0,"menu_order":0,"comment_status":"closed","ping_status":"open","template":"100-width.php","meta":{"om_disable_all_campaigns":false,"_monsterinsights_skip_tracking":false,"_monsterinsights_sitenote_active":false,"_monsterinsights_sitenote_note":"","_monsterinsights_sitenote_category":0,"footnotes":""},"class_list":["post-3","page","type-page","status-publish","hentry"],"aioseo_notices":[],"_links":{"self":[{"href":"https:\/\/www.hostalmalia.com\/index.php\/wp-json\/wp\/v2\/pages\/3","targetHints":{"allow":["GET"]}}],"collection":[{"href":"https:\/\/www.hostalmalia.com\/index.php\/wp-json\/wp\/v2\/pages"}],"about":[{"href":"https:\/\/www.hostalmalia.com\/index.php\/wp-json\/wp\/v2\/types\/page"}],"author":[{"embeddable":true,"href":"https:\/\/www.hostalmalia.com\/index.php\/wp-json\/wp\/v2\/users\/1"}],"replies":[{"embeddable":true,"href":"https:\/\/www.hostalmalia.com\/index.php\/wp-json\/wp\/v2\/comments?post=3"}],"version-history":[{"count":4,"href":"https:\/\/www.hostalmalia.com\/index.php\/wp-json\/wp\/v2\/pages\/3\/revisions"}],"predecessor-version":[{"id":1062,"href":"https:\/\/www.hostalmalia.com\/index.php\/wp-json\/wp\/v2\/pages\/3\/revisions\/1062"}],"wp:attachment":[{"href":"https:\/\/www.hostalmalia.com\/index.php\/wp-json\/wp\/v2\/media?parent=3"}],"curies":[{"name":"wp","href":"https:\/\/api.w.org\/{rel}","templated":true}]}}